{"id":121,"date":"2018-12-27T15:20:32","date_gmt":"2018-12-27T15:20:32","guid":{"rendered":"https:\/\/manon.qodeinteractive.com\/?page_id=121"},"modified":"2025-08-14T10:00:15","modified_gmt":"2025-08-14T08:00:15","slug":"home-01","status":"publish","type":"page","link":"https:\/\/awale-festival.com\/","title":{"rendered":"Accueil"},"content":{"rendered":"<div class=\"wpb-content-wrapper\"><p>[vc_row el_class=&#8221;edgtf-index-over&#8221;][vc_column]<div class=\"edgtf-banner-holder  edgtf-visible-on-hover edgtf-banner-info-default\">\n    <div class=\"edgtf-banner-image\">\n        <img fetchpriority=\"high\" decoding=\"async\" width=\"2400\" height=\"1600\" src=\"https:\/\/awale-festival.com\/wp-content\/uploads\/2025\/05\/WhatsApp-Image-2022-08-21-at-18.26.12-1.jpeg\" class=\"attachment-full size-full\" alt=\"\" srcset=\"https:\/\/awale-festival.com\/wp-content\/uploads\/2025\/05\/WhatsApp-Image-2022-08-21-at-18.26.12-1.jpeg 2400w, https:\/\/awale-festival.com\/wp-content\/uploads\/2025\/05\/WhatsApp-Image-2022-08-21-at-18.26.12-1-300x200.jpeg 300w, https:\/\/awale-festival.com\/wp-content\/uploads\/2025\/05\/WhatsApp-Image-2022-08-21-at-18.26.12-1-1024x683.jpeg 1024w, https:\/\/awale-festival.com\/wp-content\/uploads\/2025\/05\/WhatsApp-Image-2022-08-21-at-18.26.12-1-768x512.jpeg 768w, https:\/\/awale-festival.com\/wp-content\/uploads\/2025\/05\/WhatsApp-Image-2022-08-21-at-18.26.12-1-1536x1024.jpeg 1536w\" sizes=\"(max-width: 2400px) 100vw, 2400px\" \/>    <\/div>\n    <div class=\"edgtf-banner-text-holder\" >\n\t    <div class=\"edgtf-banner-text-outer\">\n\t\t    <div class=\"edgtf-banner-text-inner\">\n\t\t        \t\t        \t\t\t\t\t\t\t<\/div>\n\t\t<\/div>\n\t<\/div>\n\t<\/div>[\/vc_column][\/vc_row][vc_row row_content_width=&#8221;grid&#8221;][vc_column]<div class=\"edgtf-section-title-holder  edgtf-st-standard edgtf-st-title-left edgtf-st-normal-space \" >\n\t<div class=\"edgtf-st-inner\">\n\t\t\t\t\t<h2 class=\"edgtf-st-title\" >\n\t\t\t\tAwale Festival\t\t\t<\/h2>\n\t\t\t\t\t<\/div>\n<\/div>[\/vc_column][\/vc_row][vc_row content_placement=&#8221;top&#8221; row_content_width=&#8221;grid&#8221; css=&#8221;.vc_custom_1545926961944{padding-top: 32px !important;padding-bottom: 153px !important;}&#8221;][vc_column]<div class=\"edgtf-elements-holder   edgtf-three-columns  edgtf-responsive-mode-1024 \" ><div class=\"edgtf-eh-item  edgtf-vertical-alignment-top   \"  data-item-class=\"edgtf-eh-custom-9397\" data-1025-1366=\"0px 35px 0px 0px\" data-769-1024=\"0px 0px 30px\" data-681-768=\"0px 0px 30px\" data-680=\"0px 0px 30px\">\n\t<div class=\"edgtf-eh-item-inner\">\n\t\t<div class=\"edgtf-eh-item-content edgtf-eh-custom-9397\" style=\"padding: 0px 50px 0px 0px\">\n\t\t\t[vc_column_text css=&#8221;&#8221;]<\/p>\n<h6>\u00c0 Propos<\/h6>\n<p>[\/vc_column_text][vc_column_text css=&#8221;&#8221;]Le AWALE FESTIVAL DU GRAND OURAGAHIO est une initiative culturelle visant \u00e0 promouvoir et valoriser la culture Bh\u00e9t\u00e9 \u00e0 travers des activit\u00e9s artistiques, artisanales et gastronomiques. Le festival a pour objectif de renforcer les liens communautaires, de stimuler l\u2019\u00e9conomie locale et de promouvoir la durabilit\u00e9 environnementale et l\u2019inclusion num\u00e9rique.[\/vc_column_text]\t\t<\/div>\n\t<\/div>\n<\/div><div class=\"edgtf-eh-item  edgtf-vertical-alignment-top   \"  data-item-class=\"edgtf-eh-custom-7841\" data-1025-1366=\"0px 0px 0px 35px\" data-769-1024=\"0px 0px 30px\" data-681-768=\"0px 0px 30px\" data-680=\"0px 0px 30px\">\n\t<div class=\"edgtf-eh-item-inner\">\n\t\t<div class=\"edgtf-eh-item-content edgtf-eh-custom-7841\" style=\"padding: 0px 0px 0px 50px\">\n\t\t\t[vc_column_text css=&#8221;&#8221;]<\/p>\n<h6>Nos objectifs<\/h6>\n<p>[\/vc_column_text][vc_column_text css=&#8221;&#8221;]Le festival r\u00e9pond \u00e0 plusieurs besoins critiques dans la r\u00e9gion de Goh : Pr\u00e9servation Culturelle: La culture Bh\u00e9t\u00e9 est menac\u00e9e par la mondialisation et l\u2019urbanisation. Le festival vise \u00e0 pr\u00e9server et promouvoir cette culture unique ; D\u00e9veloppement \u00c9conomique: La r\u00e9gion souffre de taux de ch\u00f4mage \u00e9lev\u00e9s. Le festival cr\u00e9e des opportunit\u00e9s d\u2019emploi et stimule l\u2019\u00e9conomie locale ; Coh\u00e9sion Sociale: En rassemblant la communaut\u00e9 autour d\u2019un \u00e9v\u00e9nement commun, le festival renforce les liens sociaux et le sentiment d\u2019appartenance.[\/vc_column_text]\t\t<\/div>\n\t<\/div>\n<\/div><div class=\"edgtf-eh-item  edgtf-vertical-alignment-top   \"  data-item-class=\"edgtf-eh-custom-1384\" data-1025-1366=\"0px 0px 0px 70px\" data-769-1024=\"0px\" data-681-768=\"0px\" data-680=\"0px\">\n\t<div class=\"edgtf-eh-item-inner\">\n\t\t<div class=\"edgtf-eh-item-content edgtf-eh-custom-1384\" style=\"padding: 0px 0px 0px 100px\">\n\t\t\t[vc_column_text css=&#8221;&#8221;]<\/p>\n<h6>Dates<\/h6>\n<p>[\/vc_column_text][vc_column_text css=&#8221;&#8221;]Du 27 au 29 novembre 2025, sur la place publique du village de GNALIEPA, dans la commune de OURAGAHIO.[\/vc_column_text]\t\t<\/div>\n\t<\/div>\n<\/div><\/div>[\/vc_column][\/vc_row][vc_row row_content_width=&#8221;grid&#8221;][vc_column]<div class=\"edgtf-section-title-holder  edgtf-st-standard edgtf-st-title-left edgtf-st-normal-space \" >\n\t<div class=\"edgtf-st-inner\">\n\t\t\t\t\t<h2 class=\"edgtf-st-title\" >\n\t\t\t\tArtistes\t\t\t<\/h2>\n\t\t\t\t\t<\/div>\n<\/div>[vc_empty_space][\/vc_column][\/vc_row][vc_row row_content_width=&#8221;grid&#8221; el_class=&#8221;edgtf-cheesy-pl&#8221;][vc_column]<div class=\"edgtf-elements-holder   edgtf-one-column  edgtf-responsive-mode-768 \" ><div class=\"edgtf-eh-item     \"  data-item-class=\"edgtf-eh-custom-7612\" data-681-768=\"0 0 86px 0\" data-680=\"0 0 86px 0\">\n\t<div class=\"edgtf-eh-item-inner\">\n\t\t<div class=\"edgtf-eh-item-content edgtf-eh-custom-7612\" style=\"padding: 0 0 146px 0\">\n\t\t\t<div class=\"edgtf-portfolio-list-holder edgtf-grid-list edgtf-pl-gallery edgtf-three-columns edgtf-normal-space edgtf-disable-bottom-space edgtf-pl-gallery-slide-from-image-bottom    edgtf-pl-pag-no-pagination        \"  data-type=gallery data-number-of-columns=three data-number-of-items=-1 data-image-proportions=square data-enable-fixed-proportions=no data-enable-image-shadow=no data-category=artistes data-orderby=date data-order=ASC data-item-style=gallery-slide-from-image-bottom data-inverted=no data-enable-title=yes data-title-tag=h6 data-enable-category=yes data-enable-count-images=yes data-enable-excerpt=no data-excerpt-length=20 data-pagination-type=no-pagination data-filter=no data-filter-order-by=name data-enable-article-animation=no data-enable-parallax-scrolling=no data-portfolio-slider-on=no data-enable-loop=yes data-enable-autoplay=yes data-enable-scroll=yes data-slider-speed=5000 data-slider-speed-animation=600 data-enable-navigation=yes data-enable-pagination=yes data-enable-more-link=yes data-more-link-url=https:\/\/awale-festival.com\/index.php\/artistes\/ data-more-link-text=Artistes data-break-more-link=yes data-next-page=2>\n\t\t<div class=\"edgtf-pl-inner edgtf-outer-space  clearfix\">\n\t\t    <article class=\"edgtf-pl-item edgtf-item-space  post-1460 portfolio-item type-portfolio-item status-publish has-post-thumbnail hentry portfolio-category-artistes\" >\n\n    <div class=\"edgtf-pl-item-inner \">\n\t\t\n<div class=\"edgtf-pli-image\">\n\t<img decoding=\"async\" width=\"650\" height=\"650\" src=\"https:\/\/awale-festival.com\/wp-content\/uploads\/2019\/01\/1747317751541-650x650.jpg\" class=\"attachment-manon_edge_image_square size-manon_edge_image_square wp-post-image\" alt=\"\" srcset=\"https:\/\/awale-festival.com\/wp-content\/uploads\/2019\/01\/1747317751541-650x650.jpg 650w, https:\/\/awale-festival.com\/wp-content\/uploads\/2019\/01\/1747317751541-300x300.jpg 300w, https:\/\/awale-festival.com\/wp-content\/uploads\/2019\/01\/1747317751541-150x150.jpg 150w\" sizes=\"(max-width: 650px) 100vw, 650px\" \/>            <a itemprop=\"url\" class=\"edgtf-pli-link edgtf-block-drag-link\" href=\"https:\/\/awale-festival.com\/index.php\/portfolio-item\/alain-djiz\/\" target=\"_self\"><\/a>\n    <\/div>\n<div class=\"edgtf-pli-text-holder\">\n\t<div class=\"edgtf-pli-text-wrapper\">\n\t\t<div class=\"edgtf-pli-text\">\n\t\t\t    <h6 itemprop=\"name\" class=\"edgtf-pli-title entry-title\" >\n        <a itemprop=\"url\" href=\"https:\/\/awale-festival.com\/index.php\/portfolio-item\/alain-djiz\/\" target=\"_self\">\n            Alain Djiz        <\/a>\n\t<\/h6>\n\n\t\t\t\n\t\t\t\t\t<div class=\"edgtf-pli-category-holder\">\n\t\t\t\t\t\t\t<a itemprop=\"url\" class=\"edgtf-pli-category\" href=\"https:\/\/awale-festival.com\/index.php\/portfolio-category\/artistes\/\">Artistes<\/a>\n\t\t\t\t\t<\/div>\n\t\n\t\t\t\t\t\t\n\t\t\t\t\t<\/div>\n\t<\/div>\n<\/div>    <\/div>\n\n    <\/article>\n\t<\/div>\n\t\n\t\n        <div class=\"edgtf-item-space edgtf-pl-more\" data-move=\"strict\">\n        <div class=\"edgtf-pl-more-outer\">\n            <svg class=\"edgtf-theme-svg\" x=\"0px\" y=\"0px\" width=\"232px\" height=\"232px\" viewBox=\"0 0 231.971 231.971\" enable-background=\"new 0 0 231.971 231.971\" xml:space=\"preserve\">\n                  <circle fill=\"none\" stroke=\"currentColor\" stroke-miterlimit=\"10\" cx=\"115.985\" cy=\"115.985\" r=\"115.485\"\/>\n            <\/svg>\n            <div class=\"edgtf-pl-more-inner edgtf-pl-more-break-lines\"><span>Artistes<\/span><\/div>\n            <a itemprop=\"url\" class=\"edgtf-pl-more-link\" href=\"https:\/\/awale-festival.com\/index.php\/artistes\/\"><\/a>\n        <\/div>\n    <\/div>\n    <\/div>\n\t\t<\/div>\n\t<\/div>\n<\/div><\/div>[\/vc_column][\/vc_row][vc_row row_content_width=&#8221;grid&#8221;][vc_column]<div class=\"edgtf-section-title-holder  edgtf-st-standard edgtf-st-title-left edgtf-st-normal-space \" >\n\t<div class=\"edgtf-st-inner\">\n\t\t\t\t\t<h2 class=\"edgtf-st-title\" >\n\t\t\t\tVid\u00e9o\t\t\t<\/h2>\n\t\t\t\t\t<\/div>\n<\/div>[vc_empty_space]<div class=\"edgtf-video-button-holder  edgtf-vb-has-img\">\n\t<div class=\"edgtf-video-button-image\">\n\t\t<img decoding=\"async\" width=\"2040\" height=\"1034\" src=\"https:\/\/awale-festival.com\/wp-content\/uploads\/2025\/05\/Capture-decran-2025-05-08-a-15.05.37.png\" class=\"attachment-full size-full\" alt=\"\" srcset=\"https:\/\/awale-festival.com\/wp-content\/uploads\/2025\/05\/Capture-decran-2025-05-08-a-15.05.37.png 2040w, https:\/\/awale-festival.com\/wp-content\/uploads\/2025\/05\/Capture-decran-2025-05-08-a-15.05.37-300x152.png 300w, https:\/\/awale-festival.com\/wp-content\/uploads\/2025\/05\/Capture-decran-2025-05-08-a-15.05.37-1024x519.png 1024w, https:\/\/awale-festival.com\/wp-content\/uploads\/2025\/05\/Capture-decran-2025-05-08-a-15.05.37-768x389.png 768w, https:\/\/awale-festival.com\/wp-content\/uploads\/2025\/05\/Capture-decran-2025-05-08-a-15.05.37-1536x779.png 1536w\" sizes=\"(max-width: 2040px) 100vw, 2040px\" \/>\t<\/div>\n\t\t\t<a class=\"edgtf-video-button-play\"  href=\"https:\/\/www.youtube.com\/watch?v=N5oIL2CX4zs?iframe=true\" data-rel=\"prettyPhoto[video_button_pretty_photo_145]\">\n\t\t\t<span class=\"edgtf-video-button-play-inner\">\n\t\t\t\t<svg class=\"edgtf-theme-svg\" x=\"0px\" y=\"0px\" width=\"115px\" height=\"115px\" viewBox=\"0 0 231.971 231.971\" enable-background=\"new 0 0 231.971 231.971\" xml:space=\"preserve\">\n\t\t\t\t\t<circle fill=\"none\" stroke=\"#000000\" stroke-miterlimit=\"10\" cx=\"115.985\" cy=\"115.985\" r=\"115.485\"\/>\n\t\t\t\t<\/svg><span class=\"edgtf-video-button-text\">PLAY<\/span>\t\t\t<\/span>\n\t\t<\/a>\n\t<\/div>[\/vc_column][\/vc_row]<\/p>\n<\/div>","protected":false},"excerpt":{"rendered":"<p>[vc_row el_class=&#8221;edgtf-index-over&#8221;][vc_column][\/vc_column][\/vc_row][vc_row row_content_width=&#8221;grid&#8221;][vc_column][\/vc_column][\/vc_row][vc_row content_placement=&#8221;top&#8221; row_content_width=&#8221;grid&#8221; css=&#8221;.vc_custom_1545926961944{padding-top: 32px !important;padding-bottom: 153px !important;}&#8221;][vc_column][\/vc_column][\/vc_row][vc_row row_content_width=&#8221;grid&#8221;][vc_column][vc_empty_space][\/vc_column][\/vc_row][vc_row row_content_width=&#8221;grid&#8221; el_class=&#8221;edgtf-cheesy-pl&#8221;][vc_column][\/vc_column][\/vc_row][vc_row row_content_width=&#8221;grid&#8221;][vc_column][vc_empty_space][\/vc_column][\/vc_row]<\/p>\n","protected":false},"author":1,"featured_media":0,"parent":0,"menu_order":0,"comment_status":"closed","ping_status":"closed","template":"full-width.php","meta":{"footnotes":""},"class_list":["post-121","page","type-page","status-publish","hentry"],"_links":{"self":[{"href":"https:\/\/awale-festival.com\/index.php\/wp-json\/wp\/v2\/pages\/121","targetHints":{"allow":["GET"]}}],"collection":[{"href":"https:\/\/awale-festival.com\/index.php\/wp-json\/wp\/v2\/pages"}],"about":[{"href":"https:\/\/awale-festival.com\/index.php\/wp-json\/wp\/v2\/types\/page"}],"author":[{"embeddable":true,"href":"https:\/\/awale-festival.com\/index.php\/wp-json\/wp\/v2\/users\/1"}],"replies":[{"embeddable":true,"href":"https:\/\/awale-festival.com\/index.php\/wp-json\/wp\/v2\/comments?post=121"}],"version-history":[{"count":26,"href":"https:\/\/awale-festival.com\/index.php\/wp-json\/wp\/v2\/pages\/121\/revisions"}],"predecessor-version":[{"id":3108,"href":"https:\/\/awale-festival.com\/index.php\/wp-json\/wp\/v2\/pages\/121\/revisions\/3108"}],"wp:attachment":[{"href":"https:\/\/awale-festival.com\/index.php\/wp-json\/wp\/v2\/media?parent=121"}],"curies":[{"name":"wp","href":"https:\/\/api.w.org\/{rel}","templated":true}]}}