{"id":387,"date":"2019-01-04T13:24:13","date_gmt":"2019-01-04T13:24:13","guid":{"rendered":"https:\/\/manon.qodeinteractive.com\/?page_id=387"},"modified":"2025-08-14T10:02:20","modified_gmt":"2025-08-14T08:02:20","slug":"a-propos","status":"publish","type":"page","link":"https:\/\/awale-festival.com\/index.php\/a-propos\/","title":{"rendered":"\u00c0 Propos"},"content":{"rendered":"<div class=\"wpb-content-wrapper\"><p>[vc_row][vc_column]<div class=\"edgtf-elements-holder   edgtf-one-column  edgtf-responsive-mode-768 \" ><div class=\"edgtf-eh-item     \"  data-item-class=\"edgtf-eh-custom-7967\" data-769-1024=\"60px 60px 0px\" data-681-768=\"60px 60px 0px\" data-680=\"30px 38px 0px\">\n\t<div class=\"edgtf-eh-item-inner\">\n\t\t<div class=\"edgtf-eh-item-content edgtf-eh-custom-7967\" style=\"padding: 0px 70px 0px\">\n\t\t\t[vc_single_image image=&#8221;3075&#8243; img_size=&#8221;full&#8221; css=&#8221;&#8221;]\t\t<\/div>\n\t<\/div>\n<\/div><\/div>[\/vc_column][\/vc_row][vc_row row_content_width=&#8221;grid&#8221; css=&#8221;.vc_custom_1547481087568{padding-top: 148px !important;}&#8221;][vc_column]<div class=\"edgtf-elements-holder   edgtf-one-column  edgtf-responsive-mode-768 \" ><div class=\"edgtf-eh-item     \"  data-item-class=\"edgtf-eh-custom-5327\">\n\t<div class=\"edgtf-eh-item-inner\">\n\t\t<div class=\"edgtf-eh-item-content edgtf-eh-custom-5327\" style=\"padding: 0px 0px\">\n\t\t\t<div class=\"edgtf-section-title-holder  edgtf-st-standard edgtf-st-title-left edgtf-st-normal-space \" >\n\t<div class=\"edgtf-st-inner\">\n\t\t\t\t\t<h2 class=\"edgtf-st-title\" >\n\t\t\t\tAwale Festival\t\t\t<\/h2>\n\t\t\t\t\t<\/div>\n<\/div>\t\t<\/div>\n\t<\/div>\n<\/div><\/div>[\/vc_column][\/vc_row][vc_row content_placement=&#8221;top&#8221; row_content_width=&#8221;grid&#8221; css=&#8221;.vc_custom_1545926961944{padding-top: 32px !important;padding-bottom: 153px !important;}&#8221;][vc_column]<div class=\"edgtf-elements-holder   edgtf-three-columns  edgtf-responsive-mode-1024 \" ><div class=\"edgtf-eh-item  edgtf-vertical-alignment-top   \"  data-item-class=\"edgtf-eh-custom-2071\" data-1025-1366=\"0px 35px 0px 0px\" data-769-1024=\"0px 0px 30px\" data-681-768=\"0px 0px 30px\" data-680=\"0px 0px 30px\">\n\t<div class=\"edgtf-eh-item-inner\">\n\t\t<div class=\"edgtf-eh-item-content edgtf-eh-custom-2071\" style=\"padding: 0px 50px 0px 0px\">\n\t\t\t[vc_column_text css=&#8221;&#8221;]<\/p>\n<h6>Le Festival<\/h6>\n<p>[\/vc_column_text][vc_column_text css=&#8221;&#8221;]L\u2019association\u00a0<strong>GOFFOH<\/strong>\u00a0pr\u00e9sentera la\u00a0<strong>quatri\u00e8me<\/strong>\u00a0\u00e9dition du festival des arts et de la gastronomie de la ville de Ouragahio, d\u00e9nomm\u00e9\u00a0<strong>Awal\u00e9 Festival<\/strong>, Du 27 au 29 novembre 2025, sur la place publique du village de GNALIEPA, dans la commune de OURAGAHIO.. Au regard des nombreuses potentialit\u00e9s culturelles, sportives et touristiques que regorge la sous-pr\u00e9fecture de Ouragahio, notre association a initi\u00e9 cet \u00e9v\u00e9nement afin de les mettre en valeur.<\/p>\n<p>En effet, l\u2019<strong>Awal\u00e9 Festival<\/strong>, ou la f\u00eate de l\u2019amour fraternel inconditionnel, est un rendez-vous annuel d\u00e9di\u00e9 \u00e0 la c\u00e9l\u00e9bration de la solidarit\u00e9 et du d\u00e9veloppement dans la sous-pr\u00e9fecture de Ouragahio. Organis\u00e9 au mois d\u2019ao\u00fbt, p\u00e9riode des grandes vacances, il permet aux fils et filles de la r\u00e9gion du G\u00f4h\u2014et plus particuli\u00e8rement \u00e0 ceux des sous-pr\u00e9fectures de Ouragahio, Dahiepa Kehi, Yopohu\u00e9 et Bayota \u00e9tablis \u00e0 travers le monde\u2014de se r\u00e9unir afin de mutualiser leurs efforts pour le d\u00e9veloppement des localit\u00e9s cit\u00e9es.<\/p>\n<p>Le th\u00e8me de cette\u00a0<strong>quatri\u00e8me \u00e9dition<\/strong>\u00a0de l\u2019<strong>Awal\u00e9 Festival<\/strong>\u00a0est\u00a0<strong>&#8220;Culture et d\u00e9veloppement&#8221;<\/strong>. L\u2019\u00e9v\u00e9nement vise \u00e0 mettre en lumi\u00e8re le riche patrimoine culturel du peuple B\u00e9t\u00e9 de Ouragahio ainsi que celui des localit\u00e9s environnantes, qui ont vu \u00e9merger de nombreux artistes et sportifs de renom en C\u00f4te d\u2019Ivoire.<\/p>\n<p>Plusieurs activit\u00e9s seront au programme du festival, notamment un gala de bienfaisance destin\u00e9 \u00e0 c\u00e9l\u00e9brer les talents et les principaux acteurs du d\u00e9veloppement de la sous-pr\u00e9fecture, tout en permettant de r\u00e9colter des dons pour accompagner la mairie de Ouragahio\u2014partenaire de l\u2019\u00e9v\u00e9nement\u2014dans ses projets de d\u00e9veloppement.[\/vc_column_text]\t\t<\/div>\n\t<\/div>\n<\/div><div class=\"edgtf-eh-item  edgtf-vertical-alignment-top   \"  data-item-class=\"edgtf-eh-custom-7415\" data-1025-1366=\"0px 0px 0px 35px\" data-769-1024=\"0px 0px 30px\" data-681-768=\"0px 0px 30px\" data-680=\"0px 0px 30px\">\n\t<div class=\"edgtf-eh-item-inner\">\n\t\t<div class=\"edgtf-eh-item-content edgtf-eh-custom-7415\" style=\"padding: 0px 0px 0px 50px\">\n\t\t\t[vc_column_text css=&#8221;&#8221;]<\/p>\n<h6>Le concept<\/h6>\n<p>[\/vc_column_text][vc_column_text css=&#8221;&#8221;]\u00ab AWALE \u00bb qui signifie aimons- nous en pays b\u00e9t\u00e9 de Gagnoa est le premier grand festival de r\u00e9f\u00e9rence de promotion de la culture des localit\u00e9s de Ouragahio- Bayota- Dahiepa Kehi- Yopohu\u00e9. \u00ab AWALE FESTIVAL \u00bb est aussi un tremplin d\u2019exposition des cultures des peuples vivant sur le p\u00e9rim\u00e8tre de la r\u00e9gion du G\u00f4h. Il permet de f\u00e9d\u00e9rer tous les fils, filles et \u00e9trangers de la r\u00e9gion. Ce qui lui donnera la renomm\u00e9e recherch\u00e9e au fil des \u00e9ditions. A l\u2019instar des autres festivals au monde, \u00ab AWALE FESTIVAL \u00bb est un rendez- vous de rencontres de toutes les sommit\u00e9s des arts et de la culture \u00e0 travers le monde pour des partages d\u2019exp\u00e9riences. C\u2019est un rendez- vous de d\u00e9couverte des curiosit\u00e9s touristiques de la r\u00e9gion du G\u00f4h.<\/p>\n<p>Une p\u00e9riode que tous les habitants des localit\u00e9s sus- cit\u00e9s mettront \u00e0 profit pour montrer leurs richesses culturelles sur le plan de la danse, de la chanson, des jeux traditionnels et de la gastronomie.<\/p>\n<p>Pour les autorit\u00e9s locales, les mutuelles de d\u00e9veloppement, cette p\u00e9riode est la mieux indiqu\u00e9e pour des rencontres avec les structures et les acteurs en charges du d\u00e9veloppement local, en vue de mettre en exergue les difficult\u00e9s que vivent les populations dans l\u2019optique d\u2019y rem\u00e9dier de fa\u00e7on efficiente.[\/vc_column_text]\t\t<\/div>\n\t<\/div>\n<\/div><div class=\"edgtf-eh-item  edgtf-vertical-alignment-top   \"  data-item-class=\"edgtf-eh-custom-3769\" data-1025-1366=\"0px 0px 0px 70px\" data-769-1024=\"0px\" data-681-768=\"0px\" data-680=\"0px\">\n\t<div class=\"edgtf-eh-item-inner\">\n\t\t<div class=\"edgtf-eh-item-content edgtf-eh-custom-3769\" style=\"padding: 0px 0px 0px 100px\">\n\t\t\t[vc_column_text css=&#8221;&#8221;]<\/p>\n<h6>Programme<\/h6>\n<p>[\/vc_column_text][vc_column_text css=&#8221;&#8221;]Les articulations du programme de la premi\u00e8re \u00e9dition de \u201cAWALE<br \/>\nFESTIVAL\u2019\u2019 sont les suivantes :<br \/>\n&#8211; Une foire commerciale et gastronomique (avec exposition de<br \/>\nproduits agricoles)<br \/>\n&#8211; Un concours culinaire<br \/>\n&#8211; Un concours de chants traditionnels<br \/>\n&#8211; Un concours de danses traditionnelles<br \/>\n&#8211; Un concours de contes<br \/>\n&#8211; Un s\u00e9minaire d\u00e9di\u00e9 aux mutuelles de d\u00e9veloppement<br \/>\n&#8211; Un atelier de formation d\u00e9di\u00e9 \u00e0 la jeunesse<br \/>\n&#8211; Un gala de distinction et de bienfaisance[\/vc_column_text]\t\t<\/div>\n\t<\/div>\n<\/div><\/div>[\/vc_column][\/vc_row]<\/p>\n<\/div>","protected":false},"excerpt":{"rendered":"<p>[vc_row][vc_column][\/vc_column][\/vc_row][vc_row row_content_width=&#8221;grid&#8221; css=&#8221;.vc_custom_1547481087568{padding-top: 148px !important;}&#8221;][vc_column][\/vc_column][\/vc_row][vc_row content_placement=&#8221;top&#8221; row_content_width=&#8221;grid&#8221; css=&#8221;.vc_custom_1545926961944{padding-top: 32px !important;padding-bottom: 153px !important;}&#8221;][vc_column][\/vc_column][\/vc_row]<\/p>\n","protected":false},"author":1,"featured_media":0,"parent":0,"menu_order":0,"comment_status":"closed","ping_status":"closed","template":"full-width.php","meta":{"footnotes":""},"class_list":["post-387","page","type-page","status-publish","hentry"],"_links":{"self":[{"href":"https:\/\/awale-festival.com\/index.php\/wp-json\/wp\/v2\/pages\/387","targetHints":{"allow":["GET"]}}],"collection":[{"href":"https:\/\/awale-festival.com\/index.php\/wp-json\/wp\/v2\/pages"}],"about":[{"href":"https:\/\/awale-festival.com\/index.php\/wp-json\/wp\/v2\/types\/page"}],"author":[{"embeddable":true,"href":"https:\/\/awale-festival.com\/index.php\/wp-json\/wp\/v2\/users\/1"}],"replies":[{"embeddable":true,"href":"https:\/\/awale-festival.com\/index.php\/wp-json\/wp\/v2\/comments?post=387"}],"version-history":[{"count":6,"href":"https:\/\/awale-festival.com\/index.php\/wp-json\/wp\/v2\/pages\/387\/revisions"}],"predecessor-version":[{"id":3111,"href":"https:\/\/awale-festival.com\/index.php\/wp-json\/wp\/v2\/pages\/387\/revisions\/3111"}],"wp:attachment":[{"href":"https:\/\/awale-festival.com\/index.php\/wp-json\/wp\/v2\/media?parent=387"}],"curies":[{"name":"wp","href":"https:\/\/api.w.org\/{rel}","templated":true}]}}